{"id":2099,"date":"2024-04-19T12:51:04","date_gmt":"2024-04-19T12:51:04","guid":{"rendered":"https:\/\/rentcartirana.com\/blog\/"},"modified":"2025-08-21T22:08:46","modified_gmt":"2025-08-21T22:08:46","slug":"blog","status":"publish","type":"page","link":"https:\/\/rentcartirana.com\/fr\/blog\/","title":{"rendered":"Blog"},"content":{"rendered":"\t\t<div data-elementor-type=\"wp-page\" data-elementor-id=\"2099\" class=\"elementor elementor-2099 elementor-338\" data-elementor-post-type=\"page\">\n\t\t\t\t<div class=\"elementor-element elementor-element-5256588 e-flex e-con-boxed e-con e-parent\" data-id=\"5256588\" data-element_type=\"container\" data-e-type=\"container\">\n\t\t\t\t\t<div class=\"e-con-inner\">\n\t\t<div class=\"elementor-element elementor-element-9151220 e-con-full e-flex e-con e-child\" data-id=\"9151220\" data-element_type=\"container\" data-e-type=\"container\">\n\t\t\t\t<div class=\"elementor-element elementor-element-4664470 elementor-widget elementor-widget-heading\" data-id=\"4664470\" data-element_type=\"widget\" data-e-type=\"widget\" data-widget_type=\"heading.default\">\n\t\t\t\t<div class=\"elementor-widget-container\">\n\t\t\t\t\t<h2 class=\"elementor-heading-title elementor-size-default\">Blogs<\/h2>\t\t\t\t<\/div>\n\t\t\t\t<\/div>\n\t\t\t\t<div class=\"elementor-element elementor-element-398a43d elementor-icon-list--layout-inline elementor-list-item-link-full_width elementor-widget elementor-widget-icon-list\" data-id=\"398a43d\" data-element_type=\"widget\" data-e-type=\"widget\" data-widget_type=\"icon-list.default\">\n\t\t\t\t<div class=\"elementor-widget-container\">\n\t\t\t\t\t\t\t<ul class=\"elementor-icon-list-items elementor-inline-items\">\n\t\t\t\t\t\t\t<li class=\"elementor-icon-list-item elementor-inline-item\">\n\t\t\t\t\t\t\t\t\t\t\t<a href=\"https:\/\/rentcartirana.com\/fr\/\">\n\n\t\t\t\t\t\t\t\t\t\t\t<span class=\"elementor-icon-list-text\"><span style=\"color: black\">Home<\/span><\/span>\n\t\t\t\t\t\t\t\t\t\t\t<\/a>\n\t\t\t\t\t\t\t\t\t<\/li>\n\t\t\t\t\t\t\t\t<li class=\"elementor-icon-list-item elementor-inline-item\">\n\t\t\t\t\t\t\t\t\t\t<span class=\"elementor-icon-list-text\">|<\/span>\n\t\t\t\t\t\t\t\t\t<\/li>\n\t\t\t\t\t\t\t\t<li class=\"elementor-icon-list-item elementor-inline-item\">\n\t\t\t\t\t\t\t\t\t\t<span class=\"elementor-icon-list-text\">Blogs<\/span>\n\t\t\t\t\t\t\t\t\t<\/li>\n\t\t\t\t\t\t<\/ul>\n\t\t\t\t\t\t<\/div>\n\t\t\t\t<\/div>\n\t\t\t\t<\/div>\n\t\t\t\t\t<\/div>\n\t\t\t\t<\/div>\n\t\t<div class=\"elementor-element elementor-element-db5fbdb e-flex e-con-boxed e-con e-parent\" data-id=\"db5fbdb\" data-element_type=\"container\" data-e-type=\"container\" data-settings=\"{&quot;background_background&quot;:&quot;classic&quot;}\">\n\t\t\t\t\t<div class=\"e-con-inner\">\n\t\t<div class=\"elementor-element elementor-element-55154f3 e-con-full e-flex e-con e-child\" data-id=\"55154f3\" data-element_type=\"container\" data-e-type=\"container\">\n\t\t\t\t<div class=\"elementor-element elementor-element-9ef52e2 elementor-widget elementor-widget-heading\" data-id=\"9ef52e2\" data-element_type=\"widget\" data-e-type=\"widget\" data-widget_type=\"heading.default\">\n\t\t\t\t<div class=\"elementor-widget-container\">\n\t\t\t\t\t<h2 class=\"elementor-heading-title elementor-size-default\">Bienvenue sur le blog de Rent Car Tirana<\/h2>\t\t\t\t<\/div>\n\t\t\t\t<\/div>\n\t\t\t\t<div class=\"elementor-element elementor-element-62e94f5 elementor-widget elementor-widget-text-editor\" data-id=\"62e94f5\" data-element_type=\"widget\" data-e-type=\"widget\" data-widget_type=\"text-editor.default\">\n\t\t\t\t<div class=\"elementor-widget-container\">\n\t\t\t\t\t\t\t\t\t<p data-start=\"64\" data-end=\"389\"><strong data-start=\"64\" data-end=\"194\">Notre blog est votre source de confiance pour tout ce qui concerne la location de voitures \u00e0 Tirana et les voyages en Albanie.<\/strong><br data-start=\"194\" data-end=\"197\" \/>Vous y trouverez des articles pratiques, des conseils utiles et des guides pour vous aider \u00e0 faire le meilleur choix lors de la location d\u2019une voiture \u00e0 Tirana, avec ou sans carte de cr\u00e9dit.<\/p>\n<p><\/p>\n<p data-start=\"391\" data-end=\"494\">Notre objectif est d\u2019informer et d\u2019accompagner nos clients gr\u00e2ce \u00e0 un contenu de qualit\u00e9 qui couvre :<\/p>\n<ul data-start=\"496\" data-end=\"790\">\n<li data-start=\"496\" data-end=\"539\">\n<p data-start=\"498\" data-end=\"539\">Des comparaisons de mod\u00e8les de voitures<\/p>\n<\/li>\n<li data-start=\"540\" data-end=\"601\">\n<p data-start=\"542\" data-end=\"601\">Des suggestions d\u2019itin\u00e9raires et de road trips en Albanie<\/p>\n<\/li>\n<li data-start=\"602\" data-end=\"673\">\n<p data-start=\"604\" data-end=\"673\">Des informations sur la documentation et la r\u00e9glementation routi\u00e8re<\/p>\n<\/li>\n<li data-start=\"674\" data-end=\"723\">\n<p data-start=\"676\" data-end=\"723\">Des astuces pour louer une voiture sans d\u00e9p\u00f4t<\/p>\n<\/li>\n<li data-start=\"724\" data-end=\"790\">\n<p data-start=\"726\" data-end=\"790\">Des mises \u00e0 jour sur les prix de location de voitures \u00e0 Tirana<\/p>\n<\/li>\n<\/ul>\n\t\t\t\t\t\t\t\t<\/div>\n\t\t\t\t<\/div>\n\t\t\t\t<\/div>\n\t\t<div class=\"elementor-element elementor-element-008fbff e-con-full e-flex e-con e-child\" data-id=\"008fbff\" data-element_type=\"container\" data-e-type=\"container\" data-settings=\"{&quot;background_background&quot;:&quot;classic&quot;}\">\n\t\t\t\t<\/div>\n\t\t\t\t\t<\/div>\n\t\t\t\t<\/div>\n\t\t<div class=\"elementor-element elementor-element-cfbf6af e-flex e-con-boxed e-con e-parent\" data-id=\"cfbf6af\" data-element_type=\"container\" data-e-type=\"container\" data-settings=\"{&quot;background_background&quot;:&quot;classic&quot;}\">\n\t\t\t\t\t<div class=\"e-con-inner\">\n\t\t<div class=\"elementor-element elementor-element-0efd6fc e-con-full e-flex e-con e-child\" data-id=\"0efd6fc\" data-element_type=\"container\" data-e-type=\"container\">\n\t\t\t\t<div class=\"elementor-element elementor-element-43fee10 elementor-widget elementor-widget-heading\" data-id=\"43fee10\" data-element_type=\"widget\" data-e-type=\"widget\" data-widget_type=\"heading.default\">\n\t\t\t\t<div class=\"elementor-widget-container\">\n\t\t\t\t\t<h2 class=\"elementor-heading-title elementor-size-default\">Guide du conducteur pour conduire en Albanie<\/h2>\t\t\t\t<\/div>\n\t\t\t\t<\/div>\n\t\t\t\t<div class=\"elementor-element elementor-element-c161f31 elementor-widget elementor-widget-text-editor\" data-id=\"c161f31\" data-element_type=\"widget\" data-e-type=\"widget\" data-widget_type=\"text-editor.default\">\n\t\t\t\t<div class=\"elementor-widget-container\">\n\t\t\t\t\t\t\t\t\t<p data-start=\"77\" data-end=\"501\"><strong data-start=\"77\" data-end=\"128\">Vous pr\u00e9voyez de louer une voiture en Albanie ?<\/strong><br data-start=\"128\" data-end=\"131\" \/>Que vous arriviez \u00e0 l\u2019a\u00e9roport international de Tirana ou que vous r\u00e9cup\u00e9riez un v\u00e9hicule au centre-ville, il est essentiel de comprendre le fonctionnement du trafic, les r\u00e8gles de stationnement et les lois de circulation \u2014 surtout si vous \u00eates visiteur.<br data-start=\"385\" data-end=\"388\" \/>Ce guide pratique est con\u00e7u pour aider les touristes \u00e0 conduire en Albanie avec confiance et en toute s\u00e9curit\u00e9.<\/p>\n<h3 data-start=\"503\" data-end=\"551\">Comment fonctionne la circulation \u00e0 Tirana<\/h3>\n<p><\/p>\n<p data-start=\"552\" data-end=\"833\">Tirana est la ville la plus anim\u00e9e d\u2019Albanie, et les embouteillages sont fr\u00e9quents, notamment aux heures de pointe (08h00\u201310h00 et 16h30\u201318h30). Des axes comme le Boulevard circulaire (Ring Road), la rue de Durr\u00ebs et le quartier du Blloku connaissent souvent des ralentissements.<\/p>\n<h3 data-start=\"835\" data-end=\"898\">Conseils pour conduire une voiture de location \u00e0 Tirana :<\/h3>\n<p><\/p>\n<ul data-start=\"899\" data-end=\"1259\">\n<li data-start=\"899\" data-end=\"968\">\n<p data-start=\"901\" data-end=\"968\">\u00c9vitez d\u2019entrer dans le centre-ville pendant les heures de pointe<\/p>\n<\/li>\n<li data-start=\"969\" data-end=\"1052\">\n<p data-start=\"971\" data-end=\"1052\">Utilisez Google Maps ou Waze pour des mises \u00e0 jour de circulation en temps r\u00e9el<\/p>\n<\/li>\n<li data-start=\"1053\" data-end=\"1133\">\n<p data-start=\"1055\" data-end=\"1133\">Faites attention aux motos et aux cyclistes qui se faufilent entre les files<\/p>\n<\/li>\n<li data-start=\"1134\" data-end=\"1259\">\n<p data-start=\"1136\" data-end=\"1259\">Les coups de klaxon sont fr\u00e9quents, mais rarement agressifs \u2014 ils font simplement partie de la culture locale de conduite<\/p>\n<\/li>\n<\/ul>\n\t\t\t\t\t\t\t\t<\/div>\n\t\t\t\t<\/div>\n\t\t\t\t<\/div>\n\t\t<div class=\"elementor-element elementor-element-a73f2a4 e-con-full e-flex e-con e-child\" data-id=\"a73f2a4\" data-element_type=\"container\" data-e-type=\"container\" data-settings=\"{&quot;background_background&quot;:&quot;classic&quot;}\">\n\t\t\t\t<\/div>\n\t\t\t\t\t<\/div>\n\t\t\t\t<\/div>\n\t\t<div class=\"elementor-element elementor-element-8f901ab e-flex e-con-boxed e-con e-parent\" data-id=\"8f901ab\" data-element_type=\"container\" data-e-type=\"container\" data-settings=\"{&quot;background_background&quot;:&quot;classic&quot;}\">\n\t\t\t\t\t<div class=\"e-con-inner\">\n\t\t<div class=\"elementor-element elementor-element-43adc97 e-con-full e-flex e-con e-child\" data-id=\"43adc97\" data-element_type=\"container\" data-e-type=\"container\">\n\t\t\t\t<div class=\"elementor-element elementor-element-abadc2c elementor-widget elementor-widget-heading\" data-id=\"abadc2c\" data-element_type=\"widget\" data-e-type=\"widget\" data-widget_type=\"heading.default\">\n\t\t\t\t<div class=\"elementor-widget-container\">\n\t\t\t\t\t<h2 class=\"elementor-heading-title elementor-size-default\">Stationnement dans les grandes villes<\/h2>\t\t\t\t<\/div>\n\t\t\t\t<\/div>\n\t\t\t\t<div class=\"elementor-element elementor-element-a773909 elementor-widget elementor-widget-text-editor\" data-id=\"a773909\" data-element_type=\"widget\" data-e-type=\"widget\" data-widget_type=\"text-editor.default\">\n\t\t\t\t<div class=\"elementor-widget-container\">\n\t\t\t\t\t\t\t\t\t<p data-start=\"73\" data-end=\"305\">Trouver une place de stationnement peut \u00eatre difficile, surtout dans les zones centrales. La plupart des villes appliquent un syst\u00e8me de stationnement payant et, dans certains quartiers, le stationnement est r\u00e9serv\u00e9 aux r\u00e9sidents.<\/p>\n<h3 data-start=\"307\" data-end=\"356\">Ce qu\u2019il faut savoir sur le stationnement :<\/h3>\n<p><\/p>\n<ul data-start=\"357\" data-end=\"821\">\n<li data-start=\"357\" data-end=\"450\">\n<p data-start=\"359\" data-end=\"450\">\u00c0 Tirana, utilisez le syst\u00e8me SMS en envoyant votre plaque d\u2019immatriculation au <strong data-start=\"439\" data-end=\"448\">53155<\/strong><\/p>\n<\/li>\n<li data-start=\"451\" data-end=\"516\">\n<p data-start=\"453\" data-end=\"516\">Les zones de stationnement varient de <strong data-start=\"491\" data-end=\"514\">40 \u00e0 100 lek\u00eb\/heure<\/strong><\/p>\n<\/li>\n<li data-start=\"517\" data-end=\"643\">\n<p data-start=\"519\" data-end=\"643\">\u00c9vitez les lignes jaunes et les entr\u00e9es \u2014 le stationnement ill\u00e9gal peut entra\u00eener des amendes ou un enl\u00e8vement du v\u00e9hicule<\/p>\n<\/li>\n<li data-start=\"644\" data-end=\"684\">\n<p data-start=\"646\" data-end=\"684\">Le dimanche est g\u00e9n\u00e9ralement gratuit<\/p>\n<\/li>\n<li data-start=\"685\" data-end=\"821\">\n<p data-start=\"687\" data-end=\"821\">Consultez notre article s\u00e9par\u00e9 avec une <strong data-start=\"727\" data-end=\"763\">carte d\u00e9taill\u00e9e du stationnement<\/strong> \u00e0 Tirana, Durr\u00ebs, Vlor\u00eb et dans d\u2019autres grandes villes<\/p>\n<\/li>\n<\/ul>\n\t\t\t\t\t\t\t\t<\/div>\n\t\t\t\t<\/div>\n\t\t\t\t<\/div>\n\t\t<div class=\"elementor-element elementor-element-ec90fbc e-con-full e-flex e-con e-child\" data-id=\"ec90fbc\" data-element_type=\"container\" data-e-type=\"container\" data-settings=\"{&quot;background_background&quot;:&quot;classic&quot;}\">\n\t\t\t\t<\/div>\n\t\t\t\t\t<\/div>\n\t\t\t\t<\/div>\n\t\t<div class=\"elementor-element elementor-element-d70b502 e-flex e-con-boxed e-con e-parent\" data-id=\"d70b502\" data-element_type=\"container\" data-e-type=\"container\" data-settings=\"{&quot;background_background&quot;:&quot;classic&quot;}\">\n\t\t\t\t\t<div class=\"e-con-inner\">\n\t\t<div class=\"elementor-element elementor-element-c5ad85e e-con-full e-flex e-con e-child\" data-id=\"c5ad85e\" data-element_type=\"container\" data-e-type=\"container\">\n\t\t\t\t<div class=\"elementor-element elementor-element-948f330 elementor-widget elementor-widget-heading\" data-id=\"948f330\" data-element_type=\"widget\" data-e-type=\"widget\" data-widget_type=\"heading.default\">\n\t\t\t\t<div class=\"elementor-widget-container\">\n\t\t\t\t\t<h2 class=\"elementor-heading-title elementor-size-default\">R\u00e8gles de circulation que les touristes doivent conna\u00eetre<\/h2>\t\t\t\t<\/div>\n\t\t\t\t<\/div>\n\t\t\t\t<div class=\"elementor-element elementor-element-a56bc3e elementor-widget elementor-widget-text-editor\" data-id=\"a56bc3e\" data-element_type=\"widget\" data-e-type=\"widget\" data-widget_type=\"text-editor.default\">\n\t\t\t\t<div class=\"elementor-widget-container\">\n\t\t\t\t\t\t\t\t\t<p data-start=\"56\" data-end=\"163\">Si vous visitez l\u2019Albanie et pr\u00e9voyez de conduire, voici les r\u00e8gles de circulation les plus importantes :<\/p>\n<ul data-start=\"165\" data-end=\"652\">\n<li data-start=\"165\" data-end=\"250\">\n<p data-start=\"167\" data-end=\"250\">Les permis de conduire valides de l\u2019UE ou les permis internationaux sont accept\u00e9s<\/p>\n<\/li>\n<li data-start=\"251\" data-end=\"322\">\n<p data-start=\"253\" data-end=\"322\">La ceinture de s\u00e9curit\u00e9 est obligatoire pour <strong data-start=\"298\" data-end=\"320\">tous les passagers<\/strong><\/p>\n<\/li>\n<li data-start=\"323\" data-end=\"444\">\n<p data-start=\"325\" data-end=\"444\">Limitations de vitesse : <strong data-start=\"350\" data-end=\"377\">40 km\/h en zone urbaine<\/strong>, <strong data-start=\"379\" data-end=\"413\">80 km\/h sur routes secondaires<\/strong>, <strong data-start=\"415\" data-end=\"442\">110 km\/h sur autoroutes<\/strong><\/p>\n<\/li>\n<li data-start=\"445\" data-end=\"530\">\n<p data-start=\"447\" data-end=\"530\">L\u2019usage du t\u00e9l\u00e9phone portable est interdit au volant (sauf avec kit mains libres)<\/p>\n<\/li>\n<li data-start=\"531\" data-end=\"652\">\n<p data-start=\"533\" data-end=\"652\">Taux d\u2019alcool\u00e9mie maximal : <strong data-start=\"561\" data-end=\"570\">0,1 %<\/strong>. Pour les nouveaux conducteurs (moins de 2 ans), la limite l\u00e9gale est <strong data-start=\"641\" data-end=\"650\">0,0 %<\/strong><\/p>\n<\/li>\n<\/ul>\n<p><\/p>\n<p data-start=\"654\" data-end=\"822\">Cette section de notre blog fait partie de la mission de <strong data-start=\"711\" data-end=\"730\">Rent Car Tirana<\/strong> : garantir \u00e0 chaque touriste une exp\u00e9rience de conduite fluide et sans stress en Albanie.<\/p>\n\t\t\t\t\t\t\t\t<\/div>\n\t\t\t\t<\/div>\n\t\t\t\t<\/div>\n\t\t<div class=\"elementor-element elementor-element-e509eda e-con-full e-flex e-con e-child\" data-id=\"e509eda\" data-element_type=\"container\" data-e-type=\"container\" data-settings=\"{&quot;background_background&quot;:&quot;classic&quot;}\">\n\t\t\t\t<\/div>\n\t\t\t\t\t<\/div>\n\t\t\t\t<\/div>\n\t\t<div class=\"elementor-element elementor-element-7680dd2 e-flex e-con-boxed e-con e-parent\" data-id=\"7680dd2\" data-element_type=\"container\" data-e-type=\"container\">\n\t\t\t\t\t<div class=\"e-con-inner\">\n\t\t\t\t<div class=\"elementor-element elementor-element-9007c12 elementor-widget elementor-widget-jkit_post_block\" data-id=\"9007c12\" data-element_type=\"widget\" data-e-type=\"widget\" data-widget_type=\"jkit_post_block.default\">\n\t\t\t\t<div class=\"elementor-widget-container\">\n\t\t\t\t\t<div  class=\"jeg-elementor-kit jkit-postblock postblock-type-2 jkit-pagination-loadmore post-element jeg_module___69fa18510b3fd\"  data-id=\"jeg_module___69fa18510b3fd\" data-settings=\"{&quot;post_type&quot;:&quot;post&quot;,&quot;number_post&quot;:{&quot;unit&quot;:&quot;px&quot;,&quot;size&quot;:15,&quot;sizes&quot;:[]},&quot;post_offset&quot;:0,&quot;unique_content&quot;:&quot;disable&quot;,&quot;include_post&quot;:&quot;&quot;,&quot;exclude_post&quot;:&quot;&quot;,&quot;include_category&quot;:&quot;&quot;,&quot;exclude_category&quot;:&quot;&quot;,&quot;include_author&quot;:&quot;&quot;,&quot;include_tag&quot;:&quot;&quot;,&quot;exclude_tag&quot;:&quot;&quot;,&quot;sort_by&quot;:&quot;latest&quot;,&quot;pagination_mode&quot;:&quot;loadmore&quot;,&quot;pagination_loadmore_text&quot;:&quot;Load More&quot;,&quot;pagination_loading_text&quot;:&quot;Loading...&quot;,&quot;pagination_number_post&quot;:{&quot;unit&quot;:&quot;px&quot;,&quot;size&quot;:3,&quot;sizes&quot;:[]},&quot;pagination_scroll_limit&quot;:0,&quot;pagination_icon&quot;:{&quot;value&quot;:&quot;&quot;,&quot;library&quot;:&quot;&quot;},&quot;pagination_icon_position&quot;:&quot;before&quot;,&quot;st_category_position&quot;:&quot;center&quot;,&quot;sg_content_postblock_type&quot;:&quot;type-2&quot;,&quot;sg_content_element_order&quot;:&quot;title,excerpt,read&quot;,&quot;sg_content_breakpoint&quot;:&quot;tablet&quot;,&quot;sg_content_title_html_tag&quot;:&quot;h3&quot;,&quot;sg_content_category_enable&quot;:&quot;yes&quot;,&quot;sg_content_excerpt_enable&quot;:&quot;yes&quot;,&quot;sg_content_excerpt_length&quot;:{&quot;unit&quot;:&quot;px&quot;,&quot;size&quot;:50,&quot;sizes&quot;:[]},&quot;sg_content_excerpt_more&quot;:&quot;...&quot;,&quot;sg_content_readmore_enable&quot;:&quot;yes&quot;,&quot;sg_content_readmore_icon&quot;:{&quot;value&quot;:&quot;&quot;,&quot;library&quot;:&quot;&quot;},&quot;sg_content_readmore_icon_position&quot;:&quot;after&quot;,&quot;sg_content_readmore_text&quot;:&quot;Read More &gt;&gt;&quot;,&quot;sg_content_comment_enable&quot;:&quot;&quot;,&quot;sg_content_comment_icon&quot;:{&quot;value&quot;:&quot;fas fa-comment&quot;,&quot;library&quot;:&quot;fa-solid&quot;},&quot;sg_content_comment_icon_position&quot;:&quot;before&quot;,&quot;sg_content_meta_enable&quot;:&quot;yes&quot;,&quot;sg_content_meta_author_enable&quot;:&quot;&quot;,&quot;sg_content_meta_author_by_text&quot;:&quot;by&quot;,&quot;sg_content_meta_author_icon&quot;:{&quot;value&quot;:&quot;fas fa-user&quot;,&quot;library&quot;:&quot;fa-solid&quot;},&quot;sg_content_meta_author_icon_position&quot;:&quot;before&quot;,&quot;sg_content_meta_date_enable&quot;:&quot;&quot;,&quot;sg_content_meta_date_type&quot;:&quot;published&quot;,&quot;sg_content_meta_date_format&quot;:&quot;default&quot;,&quot;sg_content_meta_date_format_custom&quot;:&quot;F j, Y&quot;,&quot;sg_content_meta_date_icon&quot;:{&quot;value&quot;:&quot;fas fa-clock&quot;,&quot;library&quot;:&quot;fa-solid&quot;},&quot;sg_content_meta_date_icon_position&quot;:&quot;before&quot;,&quot;sg_content_image_size_imagesize_size&quot;:&quot;full&quot;,&quot;lang&quot;:&quot;fr&quot;,&quot;paged&quot;:1,&quot;class&quot;:&quot;jkit_post_block&quot;}\"><div class=\"jkit-block-container\"><div class=\"jeg_empty_module\">No Content Available<\/div><\/div><\/div>\t\t\t\t<\/div>\n\t\t\t\t<\/div>\n\t\t\t\t\t<\/div>\n\t\t\t\t<\/div>\n\t\t\t\t<section class=\"elementor-section elementor-top-section elementor-element elementor-element-e53a6ff elementor-section-boxed elementor-section-height-default elementor-section-height-default\" data-id=\"e53a6ff\" data-element_type=\"section\" data-e-type=\"section\">\n\t\t\t\t\t\t<div class=\"elementor-container elementor-column-gap-no\">\n\t\t\t\t\t<div class=\"elementor-column elementor-col-100 elementor-top-column elementor-element elementor-element-d3911dc\" data-id=\"d3911dc\" data-element_type=\"column\" data-e-type=\"column\">\n\t\t\t<div class=\"elementor-widget-wrap elementor-element-populated\">\n\t\t\t\t\t\t<div class=\"elementor-element elementor-element-5bc1f6d elementor-align-center elementor-mobile-align-start elementor-widget__width-inherit elementor-icon-list--layout-traditional elementor-list-item-link-full_width elementor-widget elementor-widget-icon-list\" data-id=\"5bc1f6d\" data-element_type=\"widget\" data-e-type=\"widget\" data-widget_type=\"icon-list.default\">\n\t\t\t\t<div class=\"elementor-widget-container\">\n\t\t\t\t\t\t\t<ul class=\"elementor-icon-list-items\">\n\t\t\t\t\t\t\t<li class=\"elementor-icon-list-item\">\n\t\t\t\t\t\t\t\t\t\t\t<span class=\"elementor-icon-list-icon\">\n\t\t\t\t\t\t\t<i aria-hidden=\"true\" class=\"jki jki-car11-light\"><\/i>\t\t\t\t\t\t<\/span>\n\t\t\t\t\t\t\t\t\t\t<span class=\"elementor-icon-list-text\">R\u00e9server<\/span>\n\t\t\t\t\t\t\t\t\t<\/li>\n\t\t\t\t\t\t<\/ul>\n\t\t\t\t\t\t<\/div>\n\t\t\t\t<\/div>\n\t\t\t\t<div class=\"elementor-element elementor-element-94a0a83 elementor-widget elementor-widget-heading\" data-id=\"94a0a83\" data-element_type=\"widget\" data-e-type=\"widget\" data-widget_type=\"heading.default\">\n\t\t\t\t<div class=\"elementor-widget-container\">\n\t\t\t\t\t<h2 class=\"elementor-heading-title elementor-size-default\">R\u00e9servez votre voyage parfait en Albanie<\/h2>\t\t\t\t<\/div>\n\t\t\t\t<\/div>\n\t\t\t\t<div class=\"elementor-element elementor-element-6b2c294 elementor-widget__width-initial elementor-widget-mobile__width-inherit elementor-widget elementor-widget-text-editor\" data-id=\"6b2c294\" data-element_type=\"widget\" data-e-type=\"widget\" data-widget_type=\"text-editor.default\">\n\t\t\t\t<div class=\"elementor-widget-container\">\n\t\t\t\t\t\t\t\t\t<p><strong data-start=\"55\" data-end=\"194\">R\u00e9servez l\u2019une de nos voitures de location et profitez de votre voyage, en b\u00e9n\u00e9ficiant de v\u00e9hicules confortables et des meilleurs prix.<\/strong><\/p>\n\t\t\t\t\t\t\t\t<\/div>\n\t\t\t\t<\/div>\n\t\t\t\t<div class=\"elementor-element elementor-element-174047d elementor-align-center elementor-mobile-align-left elementor-widget elementor-widget-button\" data-id=\"174047d\" data-element_type=\"widget\" data-e-type=\"widget\" data-widget_type=\"button.default\">\n\t\t\t\t<div class=\"elementor-widget-container\">\n\t\t\t\t\t\t\t\t\t<div class=\"elementor-button-wrapper\">\n\t\t\t\t\t<a class=\"elementor-button elementor-button-link elementor-size-lg\" href=\"https:\/\/rentcartirana.com\/fr\/reservation\/\">\n\t\t\t\t\t\t<span class=\"elementor-button-content-wrapper\">\n\t\t\t\t\t\t\t\t\t<span class=\"elementor-button-text\">R\u00e9servez maintenant !<\/span>\n\t\t\t\t\t<\/span>\n\t\t\t\t\t<\/a>\n\t\t\t\t<\/div>\n\t\t\t\t\t\t\t\t<\/div>\n\t\t\t\t<\/div>\n\t\t\t\t<div class=\"elementor-element elementor-element-aa4cdba elementor-hidden-mobile elementor-widget elementor-widget-image\" data-id=\"aa4cdba\" data-element_type=\"widget\" data-e-type=\"widget\" data-widget_type=\"image.default\">\n\t\t\t\t<div class=\"elementor-widget-container\">\n\t\t\t\t\t\t\t\t\t\t\t\t\t\t\t<img fetchpriority=\"high\" decoding=\"async\" width=\"1140\" height=\"268\" src=\"https:\/\/rentcartirana.com\/wp-content\/uploads\/2025\/02\/rennnttal1-e1738747082855.png\" class=\"attachment-full size-full wp-image-1379\" alt=\"\" srcset=\"https:\/\/rentcartirana.com\/wp-content\/uploads\/2025\/02\/rennnttal1-e1738747082855.png 1140w, https:\/\/rentcartirana.com\/wp-content\/uploads\/2025\/02\/rennnttal1-e1738747082855-300x71.png 300w, https:\/\/rentcartirana.com\/wp-content\/uploads\/2025\/02\/rennnttal1-e1738747082855-1024x241.png 1024w, https:\/\/rentcartirana.com\/wp-content\/uploads\/2025\/02\/rennnttal1-e1738747082855-768x181.png 768w\" sizes=\"(max-width: 1140px) 100vw, 1140px\" \/>\t\t\t\t\t\t\t\t\t\t\t\t\t\t\t<\/div>\n\t\t\t\t<\/div>\n\t\t\t\t<div class=\"elementor-element elementor-element-776c1f9 elementor-hidden-desktop elementor-hidden-tablet elementor-widget elementor-widget-image\" data-id=\"776c1f9\" data-element_type=\"widget\" data-e-type=\"widget\" data-widget_type=\"image.default\">\n\t\t\t\t<div class=\"elementor-widget-container\">\n\t\t\t\t\t\t\t\t\t\t\t\t\t\t\t<img decoding=\"async\" width=\"725\" height=\"205\" src=\"https:\/\/rentcartirana.com\/wp-content\/uploads\/2025\/02\/rennnttal1-1-e1738750178123.png\" class=\"attachment-full size-full wp-image-1384\" alt=\"\" srcset=\"https:\/\/rentcartirana.com\/wp-content\/uploads\/2025\/02\/rennnttal1-1-e1738750178123.png 725w, https:\/\/rentcartirana.com\/wp-content\/uploads\/2025\/02\/rennnttal1-1-e1738750178123-300x85.png 300w\" sizes=\"(max-width: 725px) 100vw, 725px\" \/>\t\t\t\t\t\t\t\t\t\t\t\t\t\t\t<\/div>\n\t\t\t\t<\/div>\n\t\t\t\t\t<\/div>\n\t\t<\/div>\n\t\t\t\t\t<\/div>\n\t\t<\/section>\n\t\t\t\t<\/div>\n\t\t","protected":false},"excerpt":{"rendered":"<p>Blogs Home | Blogs Bienvenue sur le blog de Rent Car Tirana Notre blog est votre source de confiance pour tout ce qui concerne la location de voitures \u00e0 Tirana et les voyages en Albanie.Vous y trouverez des articles pratiques, des conseils utiles et des guides pour vous aider \u00e0 faire le meilleur choix lors [&hellip;]<\/p>\n","protected":false},"author":1,"featured_media":0,"parent":0,"menu_order":0,"comment_status":"closed","ping_status":"closed","template":"","meta":{"footnotes":""},"class_list":["post-2099","page","type-page","status-publish","hentry"],"_links":{"self":[{"href":"https:\/\/rentcartirana.com\/fr\/wp-json\/wp\/v2\/pages\/2099","targetHints":{"allow":["GET"]}}],"collection":[{"href":"https:\/\/rentcartirana.com\/fr\/wp-json\/wp\/v2\/pages"}],"about":[{"href":"https:\/\/rentcartirana.com\/fr\/wp-json\/wp\/v2\/types\/page"}],"author":[{"embeddable":true,"href":"https:\/\/rentcartirana.com\/fr\/wp-json\/wp\/v2\/users\/1"}],"replies":[{"embeddable":true,"href":"https:\/\/rentcartirana.com\/fr\/wp-json\/wp\/v2\/comments?post=2099"}],"version-history":[{"count":0,"href":"https:\/\/rentcartirana.com\/fr\/wp-json\/wp\/v2\/pages\/2099\/revisions"}],"wp:attachment":[{"href":"https:\/\/rentcartirana.com\/fr\/wp-json\/wp\/v2\/media?parent=2099"}],"curies":[{"name":"wp","href":"https:\/\/api.w.org\/{rel}","templated":true}]}}